{"id":15,"date":"2008-03-19T13:21:04","date_gmt":"2008-03-19T12:21:04","guid":{"rendered":"http:\/\/www.torrepali.info\/index.php\/torre-pali-nel-salento-tra-storia-e-leggenda"},"modified":"2025-06-19T17:15:28","modified_gmt":"2025-06-19T16:15:28","slug":"torre-pali-nel-salento-tra-storia-e-leggenda","status":"publish","type":"page","link":"https:\/\/www.torrepali.info\/","title":{"rendered":"Torre Pali nel Salento"},"content":{"rendered":"\n<pre class=\"wp-block-preformatted\"><strong>tra storia e leggenda...<\/strong><\/pre>\n\n\n\n<p><strong>Torre Pali<\/strong> \u00e8 una ridente localit\u00e0 turistica del <strong>Comune di Salve<\/strong> in provincia di Lecce in Puglia, affacciata sul mare ionio a circa 16 km da Santa Maria di Leuca.<\/p>\n\n\n\n<p class=\"MsoNormal\">Praticamente circondata dalle spiagge pi\u00f9 belle e frequentate della provincia di Lecce, <a href=\"https:\/\/www.torrevado.info\/\" target=\"_blank\" rel=\"noopener\">Torre Vado<\/a> (insenatura lido + scoglio basso), <strong>Pescoluse <\/strong>(dove si trova il Lido &#8220;le Maldive del Salento&#8221;), <strong>Torre Mozza<\/strong>, Lido Marini, <strong>Torre San Giovanni<\/strong> per citarne alcune, rappresenta il classico approdo a misura d\u2019uomo, <strong>spiaggia sabbiosa<\/strong> a ridosso delle case, porticciolo turistico per l\u2019ormeggio di piccole barche, ampia scelta strutture ricettive e di servizi che durante il periodo estivo diventano veramente tanti.<\/p>\n\n\n\n<figure class=\"wp-block-image aligncenter\"><img decoding=\"async\" src=\"http:\/\/www.torrepali.info\/foto\/Spiaggia-Mare\/slides\/fototorrepali_09.jpg\" alt=\"spiaggia torre pali\"\/><figcaption class=\"wp-element-caption\">spiaggia e torre di torre pali<\/figcaption><\/figure>\n\n\n\n<p class=\"MsoNormal\">L\u2019arenile di sabbia, superata la torre diventa roccioso e basso,ideale per chi cerca tranquillit\u00e0 e magari vuole farsi una nuotata verso<strong> l\u2019Isola della Fanciulla<\/strong> a poche centinaia di metri dalla riva. Il fondale \u00e8 ricco di ricci e molluschi.<\/p>\n\n\n\n<p class=\"MsoNormal\">Anticamente veniva chiamata Marina di Sant\u2019Antonio per via della chiesetta dedicata al Santo che alcuni pescatori avevano fatto erigere; successivamente prevalse il nome pali a causa dei tanti pali in legno ce vi si trovavano sulla battigia in seguito alle mareggiate.<\/p>\n\n\n\n<p class=\"MsoNormal\">La <strong>Torre costiera<\/strong> cinquecentesca, divenuta dunque TORRE PALI, resiste a malapena alle intemperie ed al trascorrere del tempo\u2026 ma forse \u00e8 questo il fascino di torre pali\u2026la torre diroccata che un tempo vedeva solo i cavallari, che avvertivano il paese in caso di escursione turca, ed i pescatori che avevano i loro strazzi (piccoli ripari in pietra)lungo la costa a ridosso della torre e le piccole barche ormeggiate di fronte, oggi \u00e8 diventata un vero e proprio paese con tutti i servizi. Il mare che un tempo ha rappresentato il pericolo per le incursioni e per la malaria, oggi rappresenta una fonte di vita e di ricchezza per tutti.<\/p>\n\n\n\n<p class=\"MsoNormal\">Se d\u2019estate \u00e8 la ridente cittadina turistica accogliente e familiare, anche per tutto il periodo dell\u2019anno \u00e8 il punto di riferimento per trovare sempre del buon pesce fresco <a href=\"https:\/\/www.puglia.info\/\" target=\"_blank\" rel=\"noopener\">in Puglia<\/a>.<\/p>\n\n\n\n<figure class=\"wp-block-image aligncenter\"><img decoding=\"async\" src=\"https:\/\/www.torrevado.info\/Torre_Pali\/imm\/torre_pali.jpg\" alt=\"Torre Pali\"\/><figcaption class=\"wp-element-caption\">Torre Pali<\/figcaption><\/figure>\n\n\n\n<p class=\"MsoNormal\">Ma Torre Pali ha anche un carico di mistero e di fascino per via delle leggende che alimentano il suo territorio: dalle pi\u00f9 recenti nate in seguito al terrore seminato dalle incursioni dei turchi (la leggenda dell\u2019isola della Fanciulla) a quelle pi\u00f9 antiche che vedrebbero il territorio di Torre Pali il luogo della<strong> leggendaria citt\u00e0 di Cassandra<\/strong>, probabilmente distrutta da un maremoto duemila anni fa circa.<\/p>\n\n\n\n<p class=\"MsoNormal\">Della citt\u00e0 di Cassandra e del suo tempio non rimane traccia, tranne qualche accenno della sua esistenza da parte di antichi storici. Di certo ci sono i resti di alcuni dolmen , tombe megalitiche e grotte rupestri che testimoniano la presenza di luoghi di culto in periodi molto antichi. Antiche masserie, paiare , muretti a secco immersi nella macchia mediterranea rendono unico il paesaggio ed invitano a salutari passeggiate mattutine tra i profumi del rosmarino selvatico e del timo.<\/p>\n\n\n\n<p class=\"MsoNormal\"><strong>Mare pulito, aria sana, vita salutare, macchia mediterranea, sono tutti ottimi motivi per venire a Torre Pali nel Salento.<\/strong><\/p>\n\n\n\n<p>Viaggiatori e amanti del mare, siete pronti a immergervi nella magica atmosfera del <strong>Salento<\/strong>? Se siete alla ricerca di una destinazione che vi offra un mix perfetto di mare cristallino, relax, natura e ottimo cibo, non cercate oltre: Torre Pali \u00e8 il luogo che fa per voi!<\/p>\n\n\n\n<p><strong>Perch\u00e9 Scegliere Torre Pali?<\/strong><br>Perch\u00e9 Torre Pali \u00e8 la destinazione ideale se cercate una localit\u00e0<strong> non troppo grande e affollata<\/strong> a misura di famiglia e da dove poter raggiungere a piedi le <strong>spiagge libere.  <\/strong>Se amate avere a due passi il confort di moderni  lidi attrezzati e vi piace anche lasciarvi  coccolare dalla tranquillit\u00e0 di una  <strong>caletta silenziosa<\/strong>, circondati dalla natura e dal mare, allora siete nel posto giusto! <\/p>\n\n\n\n<p>Infatti, questa graziosa marina situata tra Gallipoli e Santa Maria di Leuca custodisce  una tra le <strong>pi\u00f9 belle spiagge<\/strong> del mare Ionio con la sua sabbia bianca che sfiora le case e si estende sino a <strong>Pescoluse<\/strong>! Ma Torre Pali \u00e8 anche <strong>dolce scogliera e mare cristallino,<\/strong> un&#8217;oasi di pace per chi preferisce fare il bagno e godersi la quiete di un posto tranquillo e poco affollato anche ad agosto! <\/p>\n\n\n\n<p>A Torre Pali <strong>un mare e due spiagge! <\/strong><\/p>\n\n\n\n<p>E&#8217; proprio vero, Torre Pali accontenta tutti perch\u00e9 lo stesso mare cristallino e gli stessi fondali bassi lambiscono sia la spiaggia dal paesaggio tropicale che la scogliera solitaria e selvaggia immersa in un paesaggio di rara bellezza.  Il pittoresco porto turistico fa da spartiacque tra le due anime della marina di Torre Pali. <\/p>\n\n\n\n<p>A nord del porticciolo sull&#8217;arenile emerge il primo tratto di costa rocciosa, il litorale rimane sempre basso e l&#8217;acqua particolarmente cristallina e trasparente lascia intravedere la ricchezza del mondo sommerso e la bellezza delle <strong>calette poco affollate<\/strong>. Siamo nei pressi dell&#8217;Isola della Fanciulla , l&#8217;isolotto a pochi metri dalla riva che ha ispirato la famosa leggenda. <\/p>\n\n\n\n<p><strong>Torre Pali, il borgo sul mare in Puglia<\/strong><\/p>\n\n\n\n<p>Da piccolo borgo di pescatori legato alla storia della sua antica torre e del suo porto, oggi Torre Pali \u00e8 una cittadina turistica con servizi alla portata di tutti. Anche in inverno rimane il punto di riferimento per acquistare il pesce appena pescato. <\/p>\n\n\n\n<p>Non importa se siete viaggiatori solitari, coppie in cerca di romanticismo, famiglie alla ricerca di divertimento,  la marina ha qualcosa da offrire a tutti, anche ai turisti pi\u00f9 esigenti e che cercano una villa o una casa luxory dove privacy e comfort si fondono con la bellezza della macchia mediterranea e del paesaggio. <\/p>\n\n\n\n<p>Immaginate la vacanza a Torre Pali dove camminare tra i vicoli bordati di case bianche lasciandosi trascinare dal profumo del sugo appena preparato, sedere a tavola e <strong>guardare il mare <\/strong>mentre assaporate un piatt<strong>o di pesce <\/strong>appena pescato e cucinato per voi! <\/p>\n\n\n\n<p>Immaginate di affittare la vostra casa vacanza o la camera in BeB direttamente dalla gente del posto e sperimentare voi stessi la rinomata ed <strong>autentica ospitalit\u00e0 salentina<\/strong>. <\/p>\n\n\n\n<p>E anche quando la giornata sembra finire, immaginate di godervi la bellezza di uno dei tramonti pi\u00f9 belli del Salento,  fino a quando l&#8217;ultimo raggio di sole si nasconde dietro l&#8217;orizzonte: intorno alla vecchia torre cala la sera con il suo cielo stellato ad accogliere le voci dei primi m<strong>ercatini<\/strong>.<\/p>\n","protected":false},"excerpt":{"rendered":"<p>tra storia e leggenda&#8230; Torre Pali \u00e8 una ridente localit\u00e0 turistica del Comune di Salve in provincia di Lecce in Puglia, affacciata sul mare ionio a circa 16 km da Santa Maria di Leuca. Praticamente circondata dalle spiagge pi\u00f9 belle e frequentate della provincia di Lecce, Torre Vado (insenatura lido + scoglio basso), Pescoluse (dove [&hellip;]<\/p>\n","protected":false},"author":6,"featured_media":18,"parent":0,"menu_order":0,"comment_status":"open","ping_status":"closed","template":"","meta":{"footnotes":""},"class_list":["post-15","page","type-page","status-publish","has-post-thumbnail","hentry"],"blocksy_meta":[],"yoast_head":"<!-- This site is optimized with the Yoast SEO plugin v26.2 - https:\/\/yoast.com\/wordpress\/plugins\/seo\/ -->\n<title>Torre Pali nel Salento - Torre Pali Marina di Salve<\/title>\n<meta name=\"robots\" content=\"index, follow, max-snippet:-1, max-image-preview:large, max-video-preview:-1\" \/>\n<link rel=\"canonical\" href=\"https:\/\/www.torrepali.info\/\" \/>\n<meta property=\"og:locale\" content=\"it_IT\" \/>\n<meta property=\"og:type\" content=\"article\" \/>\n<meta property=\"og:title\" content=\"Torre Pali nel Salento - Torre Pali Marina di Salve\" \/>\n<meta property=\"og:description\" content=\"tra storia e leggenda... Torre Pali \u00e8 una ridente localit\u00e0 turistica del Comune di Salve in provincia di Lecce in Puglia, affacciata sul mare ionio a circa 16 km da Santa Maria di Leuca. Praticamente circondata dalle spiagge pi\u00f9 belle e frequentate della provincia di Lecce, Torre Vado (insenatura lido + scoglio basso), Pescoluse (dove [&hellip;]\" \/>\n<meta property=\"og:url\" content=\"https:\/\/www.torrepali.info\/\" \/>\n<meta property=\"og:site_name\" content=\"Torre Pali Marina di Salve\" \/>\n<meta property=\"article:modified_time\" content=\"2025-06-19T16:15:28+00:00\" \/>\n<meta property=\"og:image\" content=\"https:\/\/www.torrepali.info\/wp-content\/uploads\/2008\/03\/la-torre-di-torre-pali.jpg\" \/>\n\t<meta property=\"og:image:width\" content=\"600\" \/>\n\t<meta property=\"og:image:height\" content=\"402\" \/>\n\t<meta property=\"og:image:type\" content=\"image\/jpeg\" \/>\n<meta name=\"twitter:card\" content=\"summary_large_image\" \/>\n<meta name=\"twitter:label1\" content=\"Tempo di lettura stimato\" \/>\n\t<meta name=\"twitter:data1\" content=\"7 minuti\" \/>\n<script type=\"application\/ld+json\" class=\"yoast-schema-graph\">{\"@context\":\"https:\/\/schema.org\",\"@graph\":[{\"@type\":\"WebPage\",\"@id\":\"https:\/\/www.torrepali.info\/\",\"url\":\"https:\/\/www.torrepali.info\/\",\"name\":\"Torre Pali nel Salento - Torre Pali Marina di Salve\",\"isPartOf\":{\"@id\":\"https:\/\/www.torrepali.info\/#website\"},\"primaryImageOfPage\":{\"@id\":\"https:\/\/www.torrepali.info\/#primaryimage\"},\"image\":{\"@id\":\"https:\/\/www.torrepali.info\/#primaryimage\"},\"thumbnailUrl\":\"https:\/\/www.torrepali.info\/wp-content\/uploads\/2008\/03\/la-torre-di-torre-pali.jpg\",\"datePublished\":\"2008-03-19T12:21:04+00:00\",\"dateModified\":\"2025-06-19T16:15:28+00:00\",\"breadcrumb\":{\"@id\":\"https:\/\/www.torrepali.info\/#breadcrumb\"},\"inLanguage\":\"it-IT\",\"potentialAction\":[{\"@type\":\"ReadAction\",\"target\":[\"https:\/\/www.torrepali.info\/\"]}]},{\"@type\":\"ImageObject\",\"inLanguage\":\"it-IT\",\"@id\":\"https:\/\/www.torrepali.info\/#primaryimage\",\"url\":\"https:\/\/www.torrepali.info\/wp-content\/uploads\/2008\/03\/la-torre-di-torre-pali.jpg\",\"contentUrl\":\"https:\/\/www.torrepali.info\/wp-content\/uploads\/2008\/03\/la-torre-di-torre-pali.jpg\",\"width\":600,\"height\":402,\"caption\":\"La Torre Costiera di Torre Pali\"},{\"@type\":\"BreadcrumbList\",\"@id\":\"https:\/\/www.torrepali.info\/#breadcrumb\",\"itemListElement\":[{\"@type\":\"ListItem\",\"position\":1,\"name\":\"Home\",\"item\":\"https:\/\/www.torrepali.info\/\"},{\"@type\":\"ListItem\",\"position\":2,\"name\":\"Torre Pali nel Salento\"}]},{\"@type\":\"WebSite\",\"@id\":\"https:\/\/www.torrepali.info\/#website\",\"url\":\"https:\/\/www.torrepali.info\/\",\"name\":\"Torre Pali Marina di Salve\",\"description\":\"Informazioni turistiche su Torre Pali\",\"publisher\":{\"@id\":\"https:\/\/www.torrepali.info\/#organization\"},\"potentialAction\":[{\"@type\":\"SearchAction\",\"target\":{\"@type\":\"EntryPoint\",\"urlTemplate\":\"https:\/\/www.torrepali.info\/?s={search_term_string}\"},\"query-input\":{\"@type\":\"PropertyValueSpecification\",\"valueRequired\":true,\"valueName\":\"search_term_string\"}}],\"inLanguage\":\"it-IT\"},{\"@type\":\"Organization\",\"@id\":\"https:\/\/www.torrepali.info\/#organization\",\"name\":\"TorrePali.info\",\"url\":\"https:\/\/www.torrepali.info\/\",\"logo\":{\"@type\":\"ImageObject\",\"inLanguage\":\"it-IT\",\"@id\":\"https:\/\/www.torrepali.info\/#\/schema\/logo\/image\/\",\"url\":\"http:\/\/www.torrepali.info\/wp-content\/uploads\/2013\/07\/torre-pali-info-testata.jpg\",\"contentUrl\":\"http:\/\/www.torrepali.info\/wp-content\/uploads\/2013\/07\/torre-pali-info-testata.jpg\",\"width\":1000,\"height\":288,\"caption\":\"TorrePali.info\"},\"image\":{\"@id\":\"https:\/\/www.torrepali.info\/#\/schema\/logo\/image\/\"}}]}<\/script>\n<!-- \/ Yoast SEO plugin. -->","yoast_head_json":{"title":"Torre Pali nel Salento - Torre Pali Marina di Salve","robots":{"index":"index","follow":"follow","max-snippet":"max-snippet:-1","max-image-preview":"max-image-preview:large","max-video-preview":"max-video-preview:-1"},"canonical":"https:\/\/www.torrepali.info\/","og_locale":"it_IT","og_type":"article","og_title":"Torre Pali nel Salento - Torre Pali Marina di Salve","og_description":"tra storia e leggenda... Torre Pali \u00e8 una ridente localit\u00e0 turistica del Comune di Salve in provincia di Lecce in Puglia, affacciata sul mare ionio a circa 16 km da Santa Maria di Leuca. Praticamente circondata dalle spiagge pi\u00f9 belle e frequentate della provincia di Lecce, Torre Vado (insenatura lido + scoglio basso), Pescoluse (dove [&hellip;]","og_url":"https:\/\/www.torrepali.info\/","og_site_name":"Torre Pali Marina di Salve","article_modified_time":"2025-06-19T16:15:28+00:00","og_image":[{"width":600,"height":402,"url":"https:\/\/www.torrepali.info\/wp-content\/uploads\/2008\/03\/la-torre-di-torre-pali.jpg","type":"image\/jpeg"}],"twitter_card":"summary_large_image","twitter_misc":{"Tempo di lettura stimato":"7 minuti"},"schema":{"@context":"https:\/\/schema.org","@graph":[{"@type":"WebPage","@id":"https:\/\/www.torrepali.info\/","url":"https:\/\/www.torrepali.info\/","name":"Torre Pali nel Salento - Torre Pali Marina di Salve","isPartOf":{"@id":"https:\/\/www.torrepali.info\/#website"},"primaryImageOfPage":{"@id":"https:\/\/www.torrepali.info\/#primaryimage"},"image":{"@id":"https:\/\/www.torrepali.info\/#primaryimage"},"thumbnailUrl":"https:\/\/www.torrepali.info\/wp-content\/uploads\/2008\/03\/la-torre-di-torre-pali.jpg","datePublished":"2008-03-19T12:21:04+00:00","dateModified":"2025-06-19T16:15:28+00:00","breadcrumb":{"@id":"https:\/\/www.torrepali.info\/#breadcrumb"},"inLanguage":"it-IT","potentialAction":[{"@type":"ReadAction","target":["https:\/\/www.torrepali.info\/"]}]},{"@type":"ImageObject","inLanguage":"it-IT","@id":"https:\/\/www.torrepali.info\/#primaryimage","url":"https:\/\/www.torrepali.info\/wp-content\/uploads\/2008\/03\/la-torre-di-torre-pali.jpg","contentUrl":"https:\/\/www.torrepali.info\/wp-content\/uploads\/2008\/03\/la-torre-di-torre-pali.jpg","width":600,"height":402,"caption":"La Torre Costiera di Torre Pali"},{"@type":"BreadcrumbList","@id":"https:\/\/www.torrepali.info\/#breadcrumb","itemListElement":[{"@type":"ListItem","position":1,"name":"Home","item":"https:\/\/www.torrepali.info\/"},{"@type":"ListItem","position":2,"name":"Torre Pali nel Salento"}]},{"@type":"WebSite","@id":"https:\/\/www.torrepali.info\/#website","url":"https:\/\/www.torrepali.info\/","name":"Torre Pali Marina di Salve","description":"Informazioni turistiche su Torre Pali","publisher":{"@id":"https:\/\/www.torrepali.info\/#organization"},"potentialAction":[{"@type":"SearchAction","target":{"@type":"EntryPoint","urlTemplate":"https:\/\/www.torrepali.info\/?s={search_term_string}"},"query-input":{"@type":"PropertyValueSpecification","valueRequired":true,"valueName":"search_term_string"}}],"inLanguage":"it-IT"},{"@type":"Organization","@id":"https:\/\/www.torrepali.info\/#organization","name":"TorrePali.info","url":"https:\/\/www.torrepali.info\/","logo":{"@type":"ImageObject","inLanguage":"it-IT","@id":"https:\/\/www.torrepali.info\/#\/schema\/logo\/image\/","url":"http:\/\/www.torrepali.info\/wp-content\/uploads\/2013\/07\/torre-pali-info-testata.jpg","contentUrl":"http:\/\/www.torrepali.info\/wp-content\/uploads\/2013\/07\/torre-pali-info-testata.jpg","width":1000,"height":288,"caption":"TorrePali.info"},"image":{"@id":"https:\/\/www.torrepali.info\/#\/schema\/logo\/image\/"}}]}},"_links":{"self":[{"href":"https:\/\/www.torrepali.info\/index.php\/wp-json\/wp\/v2\/pages\/15","targetHints":{"allow":["GET"]}}],"collection":[{"href":"https:\/\/www.torrepali.info\/index.php\/wp-json\/wp\/v2\/pages"}],"about":[{"href":"https:\/\/www.torrepali.info\/index.php\/wp-json\/wp\/v2\/types\/page"}],"author":[{"embeddable":true,"href":"https:\/\/www.torrepali.info\/index.php\/wp-json\/wp\/v2\/users\/6"}],"replies":[{"embeddable":true,"href":"https:\/\/www.torrepali.info\/index.php\/wp-json\/wp\/v2\/comments?post=15"}],"version-history":[{"count":3,"href":"https:\/\/www.torrepali.info\/index.php\/wp-json\/wp\/v2\/pages\/15\/revisions"}],"predecessor-version":[{"id":443,"href":"https:\/\/www.torrepali.info\/index.php\/wp-json\/wp\/v2\/pages\/15\/revisions\/443"}],"wp:featuredmedia":[{"embeddable":true,"href":"https:\/\/www.torrepali.info\/index.php\/wp-json\/wp\/v2\/media\/18"}],"wp:attachment":[{"href":"https:\/\/www.torrepali.info\/index.php\/wp-json\/wp\/v2\/media?parent=15"}],"curies":[{"name":"wp","href":"https:\/\/api.w.org\/{rel}","templated":true}]}}