{"id":4,"date":"2008-02-20T00:00:09","date_gmt":"2008-02-19T23:00:09","guid":{"rendered":"http:\/\/www.torrepali.info\/?page_id=4"},"modified":"2020-12-24T12:15:23","modified_gmt":"2020-12-24T11:15:23","slug":"il-bacino-a-torre-pali","status":"publish","type":"page","link":"https:\/\/www.torrepali.info\/index.php\/il-bacino-a-torre-pali","title":{"rendered":"Il Bacino a Torre Pali"},"content":{"rendered":"<p class=\"MsoNormal\"><strong>Torre Pali<\/strong> fa parte di tutti quei terreni che fino a circa met\u00e0 del secolo scorso erano prevalentemente paludosi, una zona che abbracciavaterritori costieri di Salve ed Ugento.<\/p>\n<p class=\"MsoNormal\">La presenza delle dune lungo questolitorale impediva lo sbocco al maredelle acque piovane ele stesse diventavano stagnanti favorendo cos\u00ec la creazione di ampie zone paludose edacquitrini. Le conseguenze di questo stato di fatto furono la impossibilit\u00e0 di coltivare questi terreni e soprattutto la presenza della zanzara portatrice della malaria che nei secoli scorsi \u00e8 stata il flagello per le popolazioni locali costiere.<\/p>\n<p class=\"MsoNormal\">Il problema delle paludi fu affrontato per la prima volta nel diciottesimo secoloma solo negli anni trenta del secolo passato si \u00e8 arrivati ad un decisivo e definitivo intervento con la creazione di bacini artificiali comunicanti tra loro e con il mare attraverso dei canali.<\/p>\n<p class=\"MsoNormal\">Grazie a questi interventi gran parte delle terre della costa fino ad Ugento sono diventate coltivabili favorendo la nascita di ridenti localit\u00e0 Turistiche come Torre Pali.<\/p>\n<p class=\"MsoNormal\">Lungo ilbacino \u00e8 possibile notare la ricchezza della vegetazione e soprattutto la presenza del giunco materia prima per la costruzione delle tipiche ceste o \u201cpanari\u201d, \u201cfische \u201c (contenitori per il formaggio da stagionare), \u201csporti\u201d( saccoccia per i viveri giornalieri del contadino).<\/p>\n<p class=\"MsoNormal\">Gli acquaresi (abitanti di Acquarica) sono divenuti nel tempo esperti nell\u2019arte di intrecciare i giunchi e siccome il giunco doveva essere raccolto in un determinato periodo dell\u2019anno, molto spesso nasceva la necessit\u00e0 di trasferirsi direttamente sul luogo per poterlo raccogliere : per questo prendevano in affitto gli strazzi, piccole e povere costruzionidei contadini del luogo.<\/p>\n","protected":false},"excerpt":{"rendered":"<p>Torre Pali fa parte di tutti quei terreni che fino a circa met\u00e0 del secolo scorso erano prevalentemente paludosi, una zona che abbracciavaterritori costieri di Salve ed Ugento. La presenza delle dune lungo questolitorale impediva lo sbocco al maredelle acque piovane ele stesse diventavano stagnanti favorendo cos\u00ec la creazione di ampie zone paludose edacquitrini. Le [&hellip;]<\/p>\n","protected":false},"author":6,"featured_media":0,"parent":0,"menu_order":0,"comment_status":"open","ping_status":"closed","template":"","meta":{"footnotes":""},"class_list":["post-4","page","type-page","status-publish","hentry"],"blocksy_meta":[],"yoast_head":"<!-- This site is optimized with the Yoast SEO plugin v26.2 - https:\/\/yoast.com\/wordpress\/plugins\/seo\/ -->\n<title>Il Bacino a Torre Pali - Torre Pali Marina di Salve<\/title>\n<meta name=\"robots\" content=\"index, follow, max-snippet:-1, max-image-preview:large, max-video-preview:-1\" \/>\n<link rel=\"canonical\" href=\"https:\/\/www.torrepali.info\/index.php\/il-bacino-a-torre-pali\" \/>\n<meta property=\"og:locale\" content=\"it_IT\" \/>\n<meta property=\"og:type\" content=\"article\" \/>\n<meta property=\"og:title\" content=\"Il Bacino a Torre Pali - Torre Pali Marina di Salve\" \/>\n<meta property=\"og:description\" content=\"Torre Pali fa parte di tutti quei terreni che fino a circa met\u00e0 del secolo scorso erano prevalentemente paludosi, una zona che abbracciavaterritori costieri di Salve ed Ugento. La presenza delle dune lungo questolitorale impediva lo sbocco al maredelle acque piovane ele stesse diventavano stagnanti favorendo cos\u00ec la creazione di ampie zone paludose edacquitrini. Le [&hellip;]\" \/>\n<meta property=\"og:url\" content=\"https:\/\/www.torrepali.info\/index.php\/il-bacino-a-torre-pali\" \/>\n<meta property=\"og:site_name\" content=\"Torre Pali Marina di Salve\" \/>\n<meta property=\"article:modified_time\" content=\"2020-12-24T11:15:23+00:00\" \/>\n<meta name=\"twitter:card\" content=\"summary_large_image\" \/>\n<meta name=\"twitter:label1\" content=\"Tempo di lettura stimato\" \/>\n\t<meta name=\"twitter:data1\" content=\"1 minuto\" \/>\n<script type=\"application\/ld+json\" class=\"yoast-schema-graph\">{\"@context\":\"https:\/\/schema.org\",\"@graph\":[{\"@type\":\"WebPage\",\"@id\":\"https:\/\/www.torrepali.info\/index.php\/il-bacino-a-torre-pali\",\"url\":\"https:\/\/www.torrepali.info\/index.php\/il-bacino-a-torre-pali\",\"name\":\"Il Bacino a Torre Pali - Torre Pali Marina di Salve\",\"isPartOf\":{\"@id\":\"https:\/\/www.torrepali.info\/#website\"},\"datePublished\":\"2008-02-19T23:00:09+00:00\",\"dateModified\":\"2020-12-24T11:15:23+00:00\",\"breadcrumb\":{\"@id\":\"https:\/\/www.torrepali.info\/index.php\/il-bacino-a-torre-pali#breadcrumb\"},\"inLanguage\":\"it-IT\",\"potentialAction\":[{\"@type\":\"ReadAction\",\"target\":[\"https:\/\/www.torrepali.info\/index.php\/il-bacino-a-torre-pali\"]}]},{\"@type\":\"BreadcrumbList\",\"@id\":\"https:\/\/www.torrepali.info\/index.php\/il-bacino-a-torre-pali#breadcrumb\",\"itemListElement\":[{\"@type\":\"ListItem\",\"position\":1,\"name\":\"Home\",\"item\":\"https:\/\/www.torrepali.info\/\"},{\"@type\":\"ListItem\",\"position\":2,\"name\":\"Il Bacino a Torre Pali\"}]},{\"@type\":\"WebSite\",\"@id\":\"https:\/\/www.torrepali.info\/#website\",\"url\":\"https:\/\/www.torrepali.info\/\",\"name\":\"Torre Pali Marina di Salve\",\"description\":\"Informazioni turistiche su Torre Pali\",\"publisher\":{\"@id\":\"https:\/\/www.torrepali.info\/#organization\"},\"potentialAction\":[{\"@type\":\"SearchAction\",\"target\":{\"@type\":\"EntryPoint\",\"urlTemplate\":\"https:\/\/www.torrepali.info\/?s={search_term_string}\"},\"query-input\":{\"@type\":\"PropertyValueSpecification\",\"valueRequired\":true,\"valueName\":\"search_term_string\"}}],\"inLanguage\":\"it-IT\"},{\"@type\":\"Organization\",\"@id\":\"https:\/\/www.torrepali.info\/#organization\",\"name\":\"TorrePali.info\",\"url\":\"https:\/\/www.torrepali.info\/\",\"logo\":{\"@type\":\"ImageObject\",\"inLanguage\":\"it-IT\",\"@id\":\"https:\/\/www.torrepali.info\/#\/schema\/logo\/image\/\",\"url\":\"http:\/\/www.torrepali.info\/wp-content\/uploads\/2013\/07\/torre-pali-info-testata.jpg\",\"contentUrl\":\"http:\/\/www.torrepali.info\/wp-content\/uploads\/2013\/07\/torre-pali-info-testata.jpg\",\"width\":1000,\"height\":288,\"caption\":\"TorrePali.info\"},\"image\":{\"@id\":\"https:\/\/www.torrepali.info\/#\/schema\/logo\/image\/\"}}]}<\/script>\n<!-- \/ Yoast SEO plugin. -->","yoast_head_json":{"title":"Il Bacino a Torre Pali - Torre Pali Marina di Salve","robots":{"index":"index","follow":"follow","max-snippet":"max-snippet:-1","max-image-preview":"max-image-preview:large","max-video-preview":"max-video-preview:-1"},"canonical":"https:\/\/www.torrepali.info\/index.php\/il-bacino-a-torre-pali","og_locale":"it_IT","og_type":"article","og_title":"Il Bacino a Torre Pali - Torre Pali Marina di Salve","og_description":"Torre Pali fa parte di tutti quei terreni che fino a circa met\u00e0 del secolo scorso erano prevalentemente paludosi, una zona che abbracciavaterritori costieri di Salve ed Ugento. La presenza delle dune lungo questolitorale impediva lo sbocco al maredelle acque piovane ele stesse diventavano stagnanti favorendo cos\u00ec la creazione di ampie zone paludose edacquitrini. Le [&hellip;]","og_url":"https:\/\/www.torrepali.info\/index.php\/il-bacino-a-torre-pali","og_site_name":"Torre Pali Marina di Salve","article_modified_time":"2020-12-24T11:15:23+00:00","twitter_card":"summary_large_image","twitter_misc":{"Tempo di lettura stimato":"1 minuto"},"schema":{"@context":"https:\/\/schema.org","@graph":[{"@type":"WebPage","@id":"https:\/\/www.torrepali.info\/index.php\/il-bacino-a-torre-pali","url":"https:\/\/www.torrepali.info\/index.php\/il-bacino-a-torre-pali","name":"Il Bacino a Torre Pali - Torre Pali Marina di Salve","isPartOf":{"@id":"https:\/\/www.torrepali.info\/#website"},"datePublished":"2008-02-19T23:00:09+00:00","dateModified":"2020-12-24T11:15:23+00:00","breadcrumb":{"@id":"https:\/\/www.torrepali.info\/index.php\/il-bacino-a-torre-pali#breadcrumb"},"inLanguage":"it-IT","potentialAction":[{"@type":"ReadAction","target":["https:\/\/www.torrepali.info\/index.php\/il-bacino-a-torre-pali"]}]},{"@type":"BreadcrumbList","@id":"https:\/\/www.torrepali.info\/index.php\/il-bacino-a-torre-pali#breadcrumb","itemListElement":[{"@type":"ListItem","position":1,"name":"Home","item":"https:\/\/www.torrepali.info\/"},{"@type":"ListItem","position":2,"name":"Il Bacino a Torre Pali"}]},{"@type":"WebSite","@id":"https:\/\/www.torrepali.info\/#website","url":"https:\/\/www.torrepali.info\/","name":"Torre Pali Marina di Salve","description":"Informazioni turistiche su Torre Pali","publisher":{"@id":"https:\/\/www.torrepali.info\/#organization"},"potentialAction":[{"@type":"SearchAction","target":{"@type":"EntryPoint","urlTemplate":"https:\/\/www.torrepali.info\/?s={search_term_string}"},"query-input":{"@type":"PropertyValueSpecification","valueRequired":true,"valueName":"search_term_string"}}],"inLanguage":"it-IT"},{"@type":"Organization","@id":"https:\/\/www.torrepali.info\/#organization","name":"TorrePali.info","url":"https:\/\/www.torrepali.info\/","logo":{"@type":"ImageObject","inLanguage":"it-IT","@id":"https:\/\/www.torrepali.info\/#\/schema\/logo\/image\/","url":"http:\/\/www.torrepali.info\/wp-content\/uploads\/2013\/07\/torre-pali-info-testata.jpg","contentUrl":"http:\/\/www.torrepali.info\/wp-content\/uploads\/2013\/07\/torre-pali-info-testata.jpg","width":1000,"height":288,"caption":"TorrePali.info"},"image":{"@id":"https:\/\/www.torrepali.info\/#\/schema\/logo\/image\/"}}]}},"_links":{"self":[{"href":"https:\/\/www.torrepali.info\/index.php\/wp-json\/wp\/v2\/pages\/4","targetHints":{"allow":["GET"]}}],"collection":[{"href":"https:\/\/www.torrepali.info\/index.php\/wp-json\/wp\/v2\/pages"}],"about":[{"href":"https:\/\/www.torrepali.info\/index.php\/wp-json\/wp\/v2\/types\/page"}],"author":[{"embeddable":true,"href":"https:\/\/www.torrepali.info\/index.php\/wp-json\/wp\/v2\/users\/6"}],"replies":[{"embeddable":true,"href":"https:\/\/www.torrepali.info\/index.php\/wp-json\/wp\/v2\/comments?post=4"}],"version-history":[{"count":0,"href":"https:\/\/www.torrepali.info\/index.php\/wp-json\/wp\/v2\/pages\/4\/revisions"}],"wp:attachment":[{"href":"https:\/\/www.torrepali.info\/index.php\/wp-json\/wp\/v2\/media?parent=4"}],"curies":[{"name":"wp","href":"https:\/\/api.w.org\/{rel}","templated":true}]}}