{"id":6,"date":"2008-02-20T00:08:17","date_gmt":"2008-02-19T23:08:17","guid":{"rendered":"http:\/\/www.torrepali.info\/?page_id=6"},"modified":"2020-12-24T12:15:37","modified_gmt":"2020-12-24T11:15:37","slug":"la-torre-di-torre-pali","status":"publish","type":"page","link":"https:\/\/www.torrepali.info\/index.php\/la-torre-di-torre-pali","title":{"rendered":"La Torre di Torre Pali"},"content":{"rendered":"<p class=\"MsoNormal\" align=\"justify\">L\u2019antica <strong>Torre Costiera<\/strong> che oggi d\u00e0 il nome a Torre Pali, \u00e8 la testimonianza di un passato fatto di scorrerie ed invasioni che nel corso della met\u00e0 del cinquecento avvenivano prevalentemente dal mare.<\/p>\n<p class=\"MsoNormal\" align=\"justify\">Come gran parte delle Torri costiere la torre di Torre Pali serviva<\/p>\n<p class=\"MsoNormal\"><img loading=\"lazy\" decoding=\"async\" src=\"http:\/\/www.torrepali.info\/foto\/Spiaggia-Mare\/slides\/fototorrepali_03.jpg\" alt=\"Torre di torre pali\" width=\"250\" height=\"167\" align=\"right\"><\/p>\n<p class=\"MsoNormal\" align=\"justify\">da punto di avvistamento, difesa, e comunicazione con le torri pi\u00f9 vicine, Torre Vado in direzione S. Maria di Leuca e Torre Mozza in direzione Gallipoli. Oggi della vecchia torre rimane ben poco, il passare del tempo le mareggiate i fulmini hanno danneggiato irrimediabilmente questa testimonianza storica.<\/p>\n<p style=\"text-align: left;\">&nbsp;<\/p>\n<p class=\"MsoNormal\" style=\"text-align: left;\">Un recente intervento di ristrutturazione ne sta salvaguardando in parte la completa decadenza.<\/p>\n","protected":false},"excerpt":{"rendered":"<p>L\u2019antica Torre Costiera che oggi d\u00e0 il nome a Torre Pali, \u00e8 la testimonianza di un passato fatto di scorrerie ed invasioni che nel corso della met\u00e0 del cinquecento avvenivano prevalentemente dal mare. Come gran parte delle Torri costiere la torre di Torre Pali serviva da punto di avvistamento, difesa, e comunicazione con le torri [&hellip;]<\/p>\n","protected":false},"author":6,"featured_media":0,"parent":0,"menu_order":0,"comment_status":"open","ping_status":"closed","template":"","meta":{"footnotes":""},"class_list":["post-6","page","type-page","status-publish","hentry"],"blocksy_meta":[],"yoast_head":"<!-- This site is optimized with the Yoast SEO plugin v26.2 - https:\/\/yoast.com\/wordpress\/plugins\/seo\/ -->\n<title>La Torre di Torre Pali - Torre Pali Marina di Salve<\/title>\n<meta name=\"robots\" content=\"index, follow, max-snippet:-1, max-image-preview:large, max-video-preview:-1\" \/>\n<link rel=\"canonical\" href=\"https:\/\/www.torrepali.info\/index.php\/la-torre-di-torre-pali\" \/>\n<meta property=\"og:locale\" content=\"it_IT\" \/>\n<meta property=\"og:type\" content=\"article\" \/>\n<meta property=\"og:title\" content=\"La Torre di Torre Pali - Torre Pali Marina di Salve\" \/>\n<meta property=\"og:description\" content=\"L\u2019antica Torre Costiera che oggi d\u00e0 il nome a Torre Pali, \u00e8 la testimonianza di un passato fatto di scorrerie ed invasioni che nel corso della met\u00e0 del cinquecento avvenivano prevalentemente dal mare. Come gran parte delle Torri costiere la torre di Torre Pali serviva da punto di avvistamento, difesa, e comunicazione con le torri [&hellip;]\" \/>\n<meta property=\"og:url\" content=\"https:\/\/www.torrepali.info\/index.php\/la-torre-di-torre-pali\" \/>\n<meta property=\"og:site_name\" content=\"Torre Pali Marina di Salve\" \/>\n<meta property=\"article:modified_time\" content=\"2020-12-24T11:15:37+00:00\" \/>\n<meta property=\"og:image\" content=\"http:\/\/www.torrepali.info\/foto\/Spiaggia-Mare\/slides\/fototorrepali_03.jpg\" \/>\n<meta name=\"twitter:card\" content=\"summary_large_image\" \/>\n<meta name=\"twitter:label1\" content=\"Tempo di lettura stimato\" \/>\n\t<meta name=\"twitter:data1\" content=\"1 minuto\" \/>\n<script type=\"application\/ld+json\" class=\"yoast-schema-graph\">{\"@context\":\"https:\/\/schema.org\",\"@graph\":[{\"@type\":\"WebPage\",\"@id\":\"https:\/\/www.torrepali.info\/index.php\/la-torre-di-torre-pali\",\"url\":\"https:\/\/www.torrepali.info\/index.php\/la-torre-di-torre-pali\",\"name\":\"La Torre di Torre Pali - Torre Pali Marina di Salve\",\"isPartOf\":{\"@id\":\"https:\/\/www.torrepali.info\/#website\"},\"primaryImageOfPage\":{\"@id\":\"https:\/\/www.torrepali.info\/index.php\/la-torre-di-torre-pali#primaryimage\"},\"image\":{\"@id\":\"https:\/\/www.torrepali.info\/index.php\/la-torre-di-torre-pali#primaryimage\"},\"thumbnailUrl\":\"http:\/\/www.torrepali.info\/foto\/Spiaggia-Mare\/slides\/fototorrepali_03.jpg\",\"datePublished\":\"2008-02-19T23:08:17+00:00\",\"dateModified\":\"2020-12-24T11:15:37+00:00\",\"breadcrumb\":{\"@id\":\"https:\/\/www.torrepali.info\/index.php\/la-torre-di-torre-pali#breadcrumb\"},\"inLanguage\":\"it-IT\",\"potentialAction\":[{\"@type\":\"ReadAction\",\"target\":[\"https:\/\/www.torrepali.info\/index.php\/la-torre-di-torre-pali\"]}]},{\"@type\":\"ImageObject\",\"inLanguage\":\"it-IT\",\"@id\":\"https:\/\/www.torrepali.info\/index.php\/la-torre-di-torre-pali#primaryimage\",\"url\":\"http:\/\/www.torrepali.info\/foto\/Spiaggia-Mare\/slides\/fototorrepali_03.jpg\",\"contentUrl\":\"http:\/\/www.torrepali.info\/foto\/Spiaggia-Mare\/slides\/fototorrepali_03.jpg\"},{\"@type\":\"BreadcrumbList\",\"@id\":\"https:\/\/www.torrepali.info\/index.php\/la-torre-di-torre-pali#breadcrumb\",\"itemListElement\":[{\"@type\":\"ListItem\",\"position\":1,\"name\":\"Home\",\"item\":\"https:\/\/www.torrepali.info\/\"},{\"@type\":\"ListItem\",\"position\":2,\"name\":\"La Torre di Torre Pali\"}]},{\"@type\":\"WebSite\",\"@id\":\"https:\/\/www.torrepali.info\/#website\",\"url\":\"https:\/\/www.torrepali.info\/\",\"name\":\"Torre Pali Marina di Salve\",\"description\":\"Informazioni turistiche su Torre Pali\",\"publisher\":{\"@id\":\"https:\/\/www.torrepali.info\/#organization\"},\"potentialAction\":[{\"@type\":\"SearchAction\",\"target\":{\"@type\":\"EntryPoint\",\"urlTemplate\":\"https:\/\/www.torrepali.info\/?s={search_term_string}\"},\"query-input\":{\"@type\":\"PropertyValueSpecification\",\"valueRequired\":true,\"valueName\":\"search_term_string\"}}],\"inLanguage\":\"it-IT\"},{\"@type\":\"Organization\",\"@id\":\"https:\/\/www.torrepali.info\/#organization\",\"name\":\"TorrePali.info\",\"url\":\"https:\/\/www.torrepali.info\/\",\"logo\":{\"@type\":\"ImageObject\",\"inLanguage\":\"it-IT\",\"@id\":\"https:\/\/www.torrepali.info\/#\/schema\/logo\/image\/\",\"url\":\"http:\/\/www.torrepali.info\/wp-content\/uploads\/2013\/07\/torre-pali-info-testata.jpg\",\"contentUrl\":\"http:\/\/www.torrepali.info\/wp-content\/uploads\/2013\/07\/torre-pali-info-testata.jpg\",\"width\":1000,\"height\":288,\"caption\":\"TorrePali.info\"},\"image\":{\"@id\":\"https:\/\/www.torrepali.info\/#\/schema\/logo\/image\/\"}}]}<\/script>\n<!-- \/ Yoast SEO plugin. -->","yoast_head_json":{"title":"La Torre di Torre Pali - Torre Pali Marina di Salve","robots":{"index":"index","follow":"follow","max-snippet":"max-snippet:-1","max-image-preview":"max-image-preview:large","max-video-preview":"max-video-preview:-1"},"canonical":"https:\/\/www.torrepali.info\/index.php\/la-torre-di-torre-pali","og_locale":"it_IT","og_type":"article","og_title":"La Torre di Torre Pali - Torre Pali Marina di Salve","og_description":"L\u2019antica Torre Costiera che oggi d\u00e0 il nome a Torre Pali, \u00e8 la testimonianza di un passato fatto di scorrerie ed invasioni che nel corso della met\u00e0 del cinquecento avvenivano prevalentemente dal mare. Come gran parte delle Torri costiere la torre di Torre Pali serviva da punto di avvistamento, difesa, e comunicazione con le torri [&hellip;]","og_url":"https:\/\/www.torrepali.info\/index.php\/la-torre-di-torre-pali","og_site_name":"Torre Pali Marina di Salve","article_modified_time":"2020-12-24T11:15:37+00:00","og_image":[{"url":"http:\/\/www.torrepali.info\/foto\/Spiaggia-Mare\/slides\/fototorrepali_03.jpg","type":"","width":"","height":""}],"twitter_card":"summary_large_image","twitter_misc":{"Tempo di lettura stimato":"1 minuto"},"schema":{"@context":"https:\/\/schema.org","@graph":[{"@type":"WebPage","@id":"https:\/\/www.torrepali.info\/index.php\/la-torre-di-torre-pali","url":"https:\/\/www.torrepali.info\/index.php\/la-torre-di-torre-pali","name":"La Torre di Torre Pali - Torre Pali Marina di Salve","isPartOf":{"@id":"https:\/\/www.torrepali.info\/#website"},"primaryImageOfPage":{"@id":"https:\/\/www.torrepali.info\/index.php\/la-torre-di-torre-pali#primaryimage"},"image":{"@id":"https:\/\/www.torrepali.info\/index.php\/la-torre-di-torre-pali#primaryimage"},"thumbnailUrl":"http:\/\/www.torrepali.info\/foto\/Spiaggia-Mare\/slides\/fototorrepali_03.jpg","datePublished":"2008-02-19T23:08:17+00:00","dateModified":"2020-12-24T11:15:37+00:00","breadcrumb":{"@id":"https:\/\/www.torrepali.info\/index.php\/la-torre-di-torre-pali#breadcrumb"},"inLanguage":"it-IT","potentialAction":[{"@type":"ReadAction","target":["https:\/\/www.torrepali.info\/index.php\/la-torre-di-torre-pali"]}]},{"@type":"ImageObject","inLanguage":"it-IT","@id":"https:\/\/www.torrepali.info\/index.php\/la-torre-di-torre-pali#primaryimage","url":"http:\/\/www.torrepali.info\/foto\/Spiaggia-Mare\/slides\/fototorrepali_03.jpg","contentUrl":"http:\/\/www.torrepali.info\/foto\/Spiaggia-Mare\/slides\/fototorrepali_03.jpg"},{"@type":"BreadcrumbList","@id":"https:\/\/www.torrepali.info\/index.php\/la-torre-di-torre-pali#breadcrumb","itemListElement":[{"@type":"ListItem","position":1,"name":"Home","item":"https:\/\/www.torrepali.info\/"},{"@type":"ListItem","position":2,"name":"La Torre di Torre Pali"}]},{"@type":"WebSite","@id":"https:\/\/www.torrepali.info\/#website","url":"https:\/\/www.torrepali.info\/","name":"Torre Pali Marina di Salve","description":"Informazioni turistiche su Torre Pali","publisher":{"@id":"https:\/\/www.torrepali.info\/#organization"},"potentialAction":[{"@type":"SearchAction","target":{"@type":"EntryPoint","urlTemplate":"https:\/\/www.torrepali.info\/?s={search_term_string}"},"query-input":{"@type":"PropertyValueSpecification","valueRequired":true,"valueName":"search_term_string"}}],"inLanguage":"it-IT"},{"@type":"Organization","@id":"https:\/\/www.torrepali.info\/#organization","name":"TorrePali.info","url":"https:\/\/www.torrepali.info\/","logo":{"@type":"ImageObject","inLanguage":"it-IT","@id":"https:\/\/www.torrepali.info\/#\/schema\/logo\/image\/","url":"http:\/\/www.torrepali.info\/wp-content\/uploads\/2013\/07\/torre-pali-info-testata.jpg","contentUrl":"http:\/\/www.torrepali.info\/wp-content\/uploads\/2013\/07\/torre-pali-info-testata.jpg","width":1000,"height":288,"caption":"TorrePali.info"},"image":{"@id":"https:\/\/www.torrepali.info\/#\/schema\/logo\/image\/"}}]}},"_links":{"self":[{"href":"https:\/\/www.torrepali.info\/index.php\/wp-json\/wp\/v2\/pages\/6","targetHints":{"allow":["GET"]}}],"collection":[{"href":"https:\/\/www.torrepali.info\/index.php\/wp-json\/wp\/v2\/pages"}],"about":[{"href":"https:\/\/www.torrepali.info\/index.php\/wp-json\/wp\/v2\/types\/page"}],"author":[{"embeddable":true,"href":"https:\/\/www.torrepali.info\/index.php\/wp-json\/wp\/v2\/users\/6"}],"replies":[{"embeddable":true,"href":"https:\/\/www.torrepali.info\/index.php\/wp-json\/wp\/v2\/comments?post=6"}],"version-history":[{"count":0,"href":"https:\/\/www.torrepali.info\/index.php\/wp-json\/wp\/v2\/pages\/6\/revisions"}],"wp:attachment":[{"href":"https:\/\/www.torrepali.info\/index.php\/wp-json\/wp\/v2\/media?parent=6"}],"curies":[{"name":"wp","href":"https:\/\/api.w.org\/{rel}","templated":true}]}}