{"id":8,"date":"2008-03-13T00:31:46","date_gmt":"2008-03-12T23:31:46","guid":{"rendered":"http:\/\/www.torrepali.info\/index.php\/foto-torre-pali"},"modified":"2023-12-15T10:31:16","modified_gmt":"2023-12-15T09:31:16","slug":"foto-torre-pali","status":"publish","type":"page","link":"https:\/\/www.torrepali.info\/index.php\/foto-torre-pali","title":{"rendered":"Foto Torre Pali"},"content":{"rendered":"\n<p>Vivere in un luogo turistico come Torre Pali significa&nbsp; accorgersi della bellezza che quotidianamente circonda. Torre Pali conserva infatti un patrimonio naturale, culturale, storico e artistico incredibile, spesso poco apprezzato. Proprio per questo abbiamo pensato di proporvi una <b>selezione di foto<\/b> che vogliono far ricordare quanto sa essere bella questa cittadina del basso Salento.<\/p>\n\n\n\n<p>Potete <b>inviare le vostre foto<\/b> a info@torrepali.info, per vederle pubblicate in questa sezione, seguite da una descrizione e dal vostro nome.<\/p>\n\n\n\n<p>A Torre Pali ogni cosa potrebbe far nascere una foto: ci sono talmente tante bellezze, panorami, monumenti, scorci, volti. Come quelli che compaiono in <b>un&#8217;antica foto degli anni Cinquanta,<\/b> dove i visi dei pescatori ancora mostrano l\u2019importanza della pesca in quel periodo storico, una delle attivit\u00e0 tradizionali salentine ormai scomparse, e dagli scatti si immagina come vivevano le popolazioni vicine a Torre Pali: la storia delle genti che vissero nel borgo marinaro \u00e8 intimamente legata al mare. Oggi nel piccolo porticciolo di Torre Pali l\u2019uomo, sfruttando questa naturale propensione del luogo, ha affinato le sue conoscenze e la pesca \u00e8 diventata \u201ccosa\u201d da esperti, come si pu\u00f2 ammirare dagli scatti qui rappresentati.<\/p>\n\n\n\n<p>Solo guardando attentamene tutto ci\u00f2 che \u00e8 intorno, ci si pu\u00f2 accorgere di quanti particolari perdono gli occhi; ma ammirando la rinomata <b>sabbia fine delle spiagge di Torre Pali <\/b>attraverso queste intense fotografie si vede la calda spiaggia della zona turistica pi\u00f9 sviluppata del Salento.<\/p>\n\n\n\n<p>Chi ama ammirare tutto ci\u00f2 che crea un&#8217;emozione o che permette alla sua fantasia di creare e immaginare una storia attorno all\u2019oggetto, fermato uno scenario con un click, pu\u00f2 ammirare per sempre <b>la bella torre costiera Torre Pali,<\/b> ultimata nel 1563 ai tempi delle invasioni dei pirati, e un tempo unita alla terraferma da uno stretto ponte in muratura.<\/p>\n\n\n\n<p>Le immagini di Torre Pali sembrano essere state fatte fermare l&#8217;attimo, come se ogni attimo fermato fosse capace di raccontare: e questo fanno le fotografie del <b>meraviglioso e azzurro mare di Torre Pali, <\/b>tra degustazioni, atelier culinari e conferenzieri specialisti in tema di cucina e di enologia.<\/p>\n\n\n\n<p>Galleria Torre Pali<\/p>\n\n\n\n<figure class=\"wp-block-gallery has-nested-images columns-default is-cropped wp-block-gallery-1 is-layout-flex wp-block-gallery-is-layout-flex\">\n<figure class=\"wp-block-image size-large\"><a href=\"http:\/\/www.torrepali.info\/wp-content\/uploads\/2008\/04\/fototorrepali_01.jpg\"><img loading=\"lazy\" decoding=\"async\" width=\"600\" height=\"402\" data-id=\"34\" src=\"http:\/\/www.torrepali.info\/wp-content\/uploads\/2008\/04\/fototorrepali_01.jpg\" alt=\"\" class=\"wp-image-34\" srcset=\"https:\/\/www.torrepali.info\/wp-content\/uploads\/2008\/04\/fototorrepali_01.jpg 600w, https:\/\/www.torrepali.info\/wp-content\/uploads\/2008\/04\/fototorrepali_01-300x201.jpg 300w\" sizes=\"auto, (max-width: 600px) 100vw, 600px\" \/><\/a><figcaption class=\"wp-element-caption\">Natura a Torre Pali <\/figcaption><\/figure>\n\n\n\n<figure class=\"wp-block-image size-large\"><a href=\"http:\/\/www.torrepali.info\/wp-content\/uploads\/2008\/04\/fototorrepali_02.jpg\"><img loading=\"lazy\" decoding=\"async\" width=\"600\" height=\"402\" data-id=\"35\" src=\"http:\/\/www.torrepali.info\/wp-content\/uploads\/2008\/04\/fototorrepali_02.jpg\" alt=\"\" class=\"wp-image-35\" srcset=\"https:\/\/www.torrepali.info\/wp-content\/uploads\/2008\/04\/fototorrepali_02.jpg 600w, https:\/\/www.torrepali.info\/wp-content\/uploads\/2008\/04\/fototorrepali_02-300x201.jpg 300w\" sizes=\"auto, (max-width: 600px) 100vw, 600px\" \/><\/a><\/figure>\n\n\n\n<figure class=\"wp-block-image size-large\"><a href=\"http:\/\/www.torrepali.info\/wp-content\/uploads\/2008\/04\/fototorrepali_03.jpg\"><img loading=\"lazy\" decoding=\"async\" width=\"600\" height=\"402\" data-id=\"36\" src=\"http:\/\/www.torrepali.info\/wp-content\/uploads\/2008\/04\/fototorrepali_03.jpg\" alt=\"\" class=\"wp-image-36\" srcset=\"https:\/\/www.torrepali.info\/wp-content\/uploads\/2008\/04\/fototorrepali_03.jpg 600w, https:\/\/www.torrepali.info\/wp-content\/uploads\/2008\/04\/fototorrepali_03-300x201.jpg 300w\" sizes=\"auto, (max-width: 600px) 100vw, 600px\" \/><\/a><figcaption class=\"wp-element-caption\">Foto Torre Pali<\/figcaption><\/figure>\n\n\n\n<figure class=\"wp-block-image size-large\"><a href=\"http:\/\/www.torrepali.info\/wp-content\/uploads\/2008\/04\/fototorrepali_04.jpg\"><img loading=\"lazy\" decoding=\"async\" width=\"402\" height=\"600\" data-id=\"37\" src=\"http:\/\/www.torrepali.info\/wp-content\/uploads\/2008\/04\/fototorrepali_04.jpg\" alt=\"\" class=\"wp-image-37\"\/><\/a><\/figure>\n\n\n\n<figure class=\"wp-block-image size-large\"><a href=\"http:\/\/www.torrepali.info\/wp-content\/uploads\/2008\/04\/fototorrepali_05.jpg\"><img loading=\"lazy\" decoding=\"async\" width=\"600\" height=\"402\" data-id=\"38\" src=\"http:\/\/www.torrepali.info\/wp-content\/uploads\/2008\/04\/fototorrepali_05.jpg\" alt=\"\" class=\"wp-image-38\"\/><\/a><figcaption class=\"wp-element-caption\">Torre Pali<\/figcaption><\/figure>\n\n\n\n<figure class=\"wp-block-image size-large\"><a href=\"http:\/\/www.torrepali.info\/wp-content\/uploads\/2008\/04\/fototorrepali_06.jpg\"><img loading=\"lazy\" decoding=\"async\" width=\"600\" height=\"402\" data-id=\"39\" src=\"http:\/\/www.torrepali.info\/wp-content\/uploads\/2008\/04\/fototorrepali_06.jpg\" alt=\"\" class=\"wp-image-39\"\/><\/a><\/figure>\n\n\n\n<figure class=\"wp-block-image size-large\"><a href=\"http:\/\/www.torrepali.info\/wp-content\/uploads\/2008\/03\/fototorrepali-07.jpg\"><img loading=\"lazy\" decoding=\"async\" width=\"600\" height=\"402\" data-id=\"20\" src=\"http:\/\/www.torrepali.info\/wp-content\/uploads\/2008\/03\/fototorrepali-07.jpg\" alt=\"\" class=\"wp-image-20\"\/><\/a><\/figure>\n\n\n\n<figure class=\"wp-block-image size-large\"><a href=\"http:\/\/www.torrepali.info\/wp-content\/uploads\/2008\/04\/fototorrepali_08.jpg\"><img loading=\"lazy\" decoding=\"async\" width=\"600\" height=\"402\" data-id=\"42\" src=\"http:\/\/www.torrepali.info\/wp-content\/uploads\/2008\/04\/fototorrepali_08.jpg\" alt=\"La torre di Torre Pali\" class=\"wp-image-42\"\/><\/a><figcaption class=\"wp-element-caption\">La torre di Torre Pali<\/figcaption><\/figure>\n\n\n\n<figure class=\"wp-block-image size-large\"><a href=\"http:\/\/www.torrepali.info\/wp-content\/uploads\/2008\/04\/fototorrepali_07.jpg\"><img loading=\"lazy\" decoding=\"async\" width=\"600\" height=\"402\" data-id=\"41\" src=\"http:\/\/www.torrepali.info\/wp-content\/uploads\/2008\/04\/fototorrepali_07.jpg\" alt=\"\" class=\"wp-image-41\"\/><\/a><\/figure>\n\n\n\n<figure class=\"wp-block-image size-large\"><a href=\"http:\/\/www.torrepali.info\/wp-content\/uploads\/2008\/03\/fototorrepali-09.jpg\"><img loading=\"lazy\" decoding=\"async\" width=\"600\" height=\"402\" data-id=\"21\" src=\"http:\/\/www.torrepali.info\/wp-content\/uploads\/2008\/03\/fototorrepali-09.jpg\" alt=\"\" class=\"wp-image-21\"\/><\/a><\/figure>\n\n\n\n<figure class=\"wp-block-image size-large\"><a href=\"http:\/\/www.torrepali.info\/wp-content\/uploads\/2023\/12\/foto-torre-pali-salento-2.jpg\"><img loading=\"lazy\" decoding=\"async\" width=\"749\" height=\"502\" data-id=\"411\" src=\"http:\/\/www.torrepali.info\/wp-content\/uploads\/2023\/12\/foto-torre-pali-salento-2.jpg\" alt=\"\" class=\"wp-image-411\" srcset=\"https:\/\/www.torrepali.info\/wp-content\/uploads\/2023\/12\/foto-torre-pali-salento-2.jpg 749w, https:\/\/www.torrepali.info\/wp-content\/uploads\/2023\/12\/foto-torre-pali-salento-2-300x201.jpg 300w\" sizes=\"auto, (max-width: 749px) 100vw, 749px\" \/><\/a><\/figure>\n\n\n\n<figure class=\"wp-block-image size-large\"><a href=\"http:\/\/www.torrepali.info\/wp-content\/uploads\/2023\/12\/foto-torre-pali-salento-3.jpg\"><img loading=\"lazy\" decoding=\"async\" width=\"749\" height=\"502\" data-id=\"412\" src=\"http:\/\/www.torrepali.info\/wp-content\/uploads\/2023\/12\/foto-torre-pali-salento-3.jpg\" alt=\"\" class=\"wp-image-412\" srcset=\"https:\/\/www.torrepali.info\/wp-content\/uploads\/2023\/12\/foto-torre-pali-salento-3.jpg 749w, https:\/\/www.torrepali.info\/wp-content\/uploads\/2023\/12\/foto-torre-pali-salento-3-300x201.jpg 300w\" sizes=\"auto, (max-width: 749px) 100vw, 749px\" \/><\/a><\/figure>\n\n\n\n<figure class=\"wp-block-image size-large\"><a href=\"http:\/\/www.torrepali.info\/wp-content\/uploads\/2023\/12\/foto-torre-pali-salento-4.jpg\"><img loading=\"lazy\" decoding=\"async\" width=\"750\" height=\"501\" data-id=\"413\" src=\"http:\/\/www.torrepali.info\/wp-content\/uploads\/2023\/12\/foto-torre-pali-salento-4.jpg\" alt=\"\" class=\"wp-image-413\" srcset=\"https:\/\/www.torrepali.info\/wp-content\/uploads\/2023\/12\/foto-torre-pali-salento-4.jpg 750w, https:\/\/www.torrepali.info\/wp-content\/uploads\/2023\/12\/foto-torre-pali-salento-4-300x200.jpg 300w\" sizes=\"auto, (max-width: 750px) 100vw, 750px\" \/><\/a><\/figure>\n\n\n\n<figure class=\"wp-block-image size-large\"><a href=\"http:\/\/www.torrepali.info\/wp-content\/uploads\/2023\/12\/foto-torre-pali-salento-5.jpg\"><img loading=\"lazy\" decoding=\"async\" width=\"749\" height=\"563\" data-id=\"414\" src=\"http:\/\/www.torrepali.info\/wp-content\/uploads\/2023\/12\/foto-torre-pali-salento-5.jpg\" alt=\"\" class=\"wp-image-414\" srcset=\"https:\/\/www.torrepali.info\/wp-content\/uploads\/2023\/12\/foto-torre-pali-salento-5.jpg 749w, https:\/\/www.torrepali.info\/wp-content\/uploads\/2023\/12\/foto-torre-pali-salento-5-300x226.jpg 300w\" sizes=\"auto, (max-width: 749px) 100vw, 749px\" \/><\/a><\/figure>\n\n\n\n<figure class=\"wp-block-image size-large\"><a href=\"http:\/\/www.torrepali.info\/wp-content\/uploads\/2008\/03\/la-torre-di-torre-pali.jpg\"><img loading=\"lazy\" decoding=\"async\" width=\"600\" height=\"402\" data-id=\"18\" src=\"http:\/\/www.torrepali.info\/wp-content\/uploads\/2008\/03\/la-torre-di-torre-pali.jpg\" alt=\"La Torre Costiera di Torre Pali\" class=\"wp-image-18\"\/><\/a><figcaption class=\"wp-element-caption\">La Torre Costiera di Torre Pali<\/figcaption><\/figure>\n<\/figure>\n\n\n\n<p>Foto Storiche<\/p>\n","protected":false},"excerpt":{"rendered":"<p>Vivere in un luogo turistico come Torre Pali significa&nbsp; accorgersi della bellezza che quotidianamente circonda. Torre Pali conserva infatti un patrimonio naturale, culturale, storico e artistico incredibile, spesso poco apprezzato. Proprio per questo abbiamo pensato di proporvi una selezione di foto che vogliono far ricordare quanto sa essere bella questa cittadina del basso Salento. Potete [&hellip;]<\/p>\n","protected":false},"author":6,"featured_media":0,"parent":0,"menu_order":0,"comment_status":"open","ping_status":"closed","template":"","meta":{"footnotes":""},"class_list":["post-8","page","type-page","status-publish","hentry"],"blocksy_meta":[],"yoast_head":"<!-- This site is optimized with the Yoast SEO plugin v26.2 - https:\/\/yoast.com\/wordpress\/plugins\/seo\/ -->\n<title>Foto Torre Pali<\/title>\n<meta name=\"description\" content=\"Abbiamo pensato di proporvi una selezione di foto che vogliono far ricordare quanto sa essere bella la marina di Torre Pali.\" \/>\n<meta name=\"robots\" content=\"index, follow, max-snippet:-1, max-image-preview:large, max-video-preview:-1\" \/>\n<link rel=\"canonical\" href=\"https:\/\/www.torrepali.info\/index.php\/foto-torre-pali\" \/>\n<meta property=\"og:locale\" content=\"it_IT\" \/>\n<meta property=\"og:type\" content=\"article\" \/>\n<meta property=\"og:title\" content=\"Foto Torre Pali\" \/>\n<meta property=\"og:description\" content=\"Abbiamo pensato di proporvi una selezione di foto che vogliono far ricordare quanto sa essere bella la marina di Torre Pali.\" \/>\n<meta property=\"og:url\" content=\"https:\/\/www.torrepali.info\/index.php\/foto-torre-pali\" \/>\n<meta property=\"og:site_name\" content=\"Torre Pali Marina di Salve\" \/>\n<meta property=\"article:modified_time\" content=\"2023-12-15T09:31:16+00:00\" \/>\n<meta property=\"og:image\" content=\"http:\/\/www.torrepali.info\/wp-content\/uploads\/2008\/04\/fototorrepali_01.jpg\" \/>\n<meta name=\"twitter:card\" content=\"summary_large_image\" \/>\n<meta name=\"twitter:label1\" content=\"Tempo di lettura stimato\" \/>\n\t<meta name=\"twitter:data1\" content=\"5 minuti\" \/>\n<script type=\"application\/ld+json\" class=\"yoast-schema-graph\">{\"@context\":\"https:\/\/schema.org\",\"@graph\":[{\"@type\":\"WebPage\",\"@id\":\"https:\/\/www.torrepali.info\/index.php\/foto-torre-pali\",\"url\":\"https:\/\/www.torrepali.info\/index.php\/foto-torre-pali\",\"name\":\"Foto Torre Pali\",\"isPartOf\":{\"@id\":\"https:\/\/www.torrepali.info\/#website\"},\"primaryImageOfPage\":{\"@id\":\"https:\/\/www.torrepali.info\/index.php\/foto-torre-pali#primaryimage\"},\"image\":{\"@id\":\"https:\/\/www.torrepali.info\/index.php\/foto-torre-pali#primaryimage\"},\"thumbnailUrl\":\"http:\/\/www.torrepali.info\/wp-content\/uploads\/2008\/04\/fototorrepali_01.jpg\",\"datePublished\":\"2008-03-12T23:31:46+00:00\",\"dateModified\":\"2023-12-15T09:31:16+00:00\",\"description\":\"Abbiamo pensato di proporvi una selezione di foto che vogliono far ricordare quanto sa essere bella la marina di Torre Pali.\",\"breadcrumb\":{\"@id\":\"https:\/\/www.torrepali.info\/index.php\/foto-torre-pali#breadcrumb\"},\"inLanguage\":\"it-IT\",\"potentialAction\":[{\"@type\":\"ReadAction\",\"target\":[\"https:\/\/www.torrepali.info\/index.php\/foto-torre-pali\"]}]},{\"@type\":\"ImageObject\",\"inLanguage\":\"it-IT\",\"@id\":\"https:\/\/www.torrepali.info\/index.php\/foto-torre-pali#primaryimage\",\"url\":\"http:\/\/www.torrepali.info\/wp-content\/uploads\/2008\/04\/fototorrepali_01.jpg\",\"contentUrl\":\"http:\/\/www.torrepali.info\/wp-content\/uploads\/2008\/04\/fototorrepali_01.jpg\"},{\"@type\":\"BreadcrumbList\",\"@id\":\"https:\/\/www.torrepali.info\/index.php\/foto-torre-pali#breadcrumb\",\"itemListElement\":[{\"@type\":\"ListItem\",\"position\":1,\"name\":\"Home\",\"item\":\"https:\/\/www.torrepali.info\/\"},{\"@type\":\"ListItem\",\"position\":2,\"name\":\"Foto Torre Pali\"}]},{\"@type\":\"WebSite\",\"@id\":\"https:\/\/www.torrepali.info\/#website\",\"url\":\"https:\/\/www.torrepali.info\/\",\"name\":\"Torre Pali Marina di Salve\",\"description\":\"Informazioni turistiche su Torre Pali\",\"publisher\":{\"@id\":\"https:\/\/www.torrepali.info\/#organization\"},\"potentialAction\":[{\"@type\":\"SearchAction\",\"target\":{\"@type\":\"EntryPoint\",\"urlTemplate\":\"https:\/\/www.torrepali.info\/?s={search_term_string}\"},\"query-input\":{\"@type\":\"PropertyValueSpecification\",\"valueRequired\":true,\"valueName\":\"search_term_string\"}}],\"inLanguage\":\"it-IT\"},{\"@type\":\"Organization\",\"@id\":\"https:\/\/www.torrepali.info\/#organization\",\"name\":\"TorrePali.info\",\"url\":\"https:\/\/www.torrepali.info\/\",\"logo\":{\"@type\":\"ImageObject\",\"inLanguage\":\"it-IT\",\"@id\":\"https:\/\/www.torrepali.info\/#\/schema\/logo\/image\/\",\"url\":\"http:\/\/www.torrepali.info\/wp-content\/uploads\/2013\/07\/torre-pali-info-testata.jpg\",\"contentUrl\":\"http:\/\/www.torrepali.info\/wp-content\/uploads\/2013\/07\/torre-pali-info-testata.jpg\",\"width\":1000,\"height\":288,\"caption\":\"TorrePali.info\"},\"image\":{\"@id\":\"https:\/\/www.torrepali.info\/#\/schema\/logo\/image\/\"}}]}<\/script>\n<!-- \/ Yoast SEO plugin. -->","yoast_head_json":{"title":"Foto Torre Pali","description":"Abbiamo pensato di proporvi una selezione di foto che vogliono far ricordare quanto sa essere bella la marina di Torre Pali.","robots":{"index":"index","follow":"follow","max-snippet":"max-snippet:-1","max-image-preview":"max-image-preview:large","max-video-preview":"max-video-preview:-1"},"canonical":"https:\/\/www.torrepali.info\/index.php\/foto-torre-pali","og_locale":"it_IT","og_type":"article","og_title":"Foto Torre Pali","og_description":"Abbiamo pensato di proporvi una selezione di foto che vogliono far ricordare quanto sa essere bella la marina di Torre Pali.","og_url":"https:\/\/www.torrepali.info\/index.php\/foto-torre-pali","og_site_name":"Torre Pali Marina di Salve","article_modified_time":"2023-12-15T09:31:16+00:00","og_image":[{"url":"http:\/\/www.torrepali.info\/wp-content\/uploads\/2008\/04\/fototorrepali_01.jpg","type":"","width":"","height":""}],"twitter_card":"summary_large_image","twitter_misc":{"Tempo di lettura stimato":"5 minuti"},"schema":{"@context":"https:\/\/schema.org","@graph":[{"@type":"WebPage","@id":"https:\/\/www.torrepali.info\/index.php\/foto-torre-pali","url":"https:\/\/www.torrepali.info\/index.php\/foto-torre-pali","name":"Foto Torre Pali","isPartOf":{"@id":"https:\/\/www.torrepali.info\/#website"},"primaryImageOfPage":{"@id":"https:\/\/www.torrepali.info\/index.php\/foto-torre-pali#primaryimage"},"image":{"@id":"https:\/\/www.torrepali.info\/index.php\/foto-torre-pali#primaryimage"},"thumbnailUrl":"http:\/\/www.torrepali.info\/wp-content\/uploads\/2008\/04\/fototorrepali_01.jpg","datePublished":"2008-03-12T23:31:46+00:00","dateModified":"2023-12-15T09:31:16+00:00","description":"Abbiamo pensato di proporvi una selezione di foto che vogliono far ricordare quanto sa essere bella la marina di Torre Pali.","breadcrumb":{"@id":"https:\/\/www.torrepali.info\/index.php\/foto-torre-pali#breadcrumb"},"inLanguage":"it-IT","potentialAction":[{"@type":"ReadAction","target":["https:\/\/www.torrepali.info\/index.php\/foto-torre-pali"]}]},{"@type":"ImageObject","inLanguage":"it-IT","@id":"https:\/\/www.torrepali.info\/index.php\/foto-torre-pali#primaryimage","url":"http:\/\/www.torrepali.info\/wp-content\/uploads\/2008\/04\/fototorrepali_01.jpg","contentUrl":"http:\/\/www.torrepali.info\/wp-content\/uploads\/2008\/04\/fototorrepali_01.jpg"},{"@type":"BreadcrumbList","@id":"https:\/\/www.torrepali.info\/index.php\/foto-torre-pali#breadcrumb","itemListElement":[{"@type":"ListItem","position":1,"name":"Home","item":"https:\/\/www.torrepali.info\/"},{"@type":"ListItem","position":2,"name":"Foto Torre Pali"}]},{"@type":"WebSite","@id":"https:\/\/www.torrepali.info\/#website","url":"https:\/\/www.torrepali.info\/","name":"Torre Pali Marina di Salve","description":"Informazioni turistiche su Torre Pali","publisher":{"@id":"https:\/\/www.torrepali.info\/#organization"},"potentialAction":[{"@type":"SearchAction","target":{"@type":"EntryPoint","urlTemplate":"https:\/\/www.torrepali.info\/?s={search_term_string}"},"query-input":{"@type":"PropertyValueSpecification","valueRequired":true,"valueName":"search_term_string"}}],"inLanguage":"it-IT"},{"@type":"Organization","@id":"https:\/\/www.torrepali.info\/#organization","name":"TorrePali.info","url":"https:\/\/www.torrepali.info\/","logo":{"@type":"ImageObject","inLanguage":"it-IT","@id":"https:\/\/www.torrepali.info\/#\/schema\/logo\/image\/","url":"http:\/\/www.torrepali.info\/wp-content\/uploads\/2013\/07\/torre-pali-info-testata.jpg","contentUrl":"http:\/\/www.torrepali.info\/wp-content\/uploads\/2013\/07\/torre-pali-info-testata.jpg","width":1000,"height":288,"caption":"TorrePali.info"},"image":{"@id":"https:\/\/www.torrepali.info\/#\/schema\/logo\/image\/"}}]}},"_links":{"self":[{"href":"https:\/\/www.torrepali.info\/index.php\/wp-json\/wp\/v2\/pages\/8","targetHints":{"allow":["GET"]}}],"collection":[{"href":"https:\/\/www.torrepali.info\/index.php\/wp-json\/wp\/v2\/pages"}],"about":[{"href":"https:\/\/www.torrepali.info\/index.php\/wp-json\/wp\/v2\/types\/page"}],"author":[{"embeddable":true,"href":"https:\/\/www.torrepali.info\/index.php\/wp-json\/wp\/v2\/users\/6"}],"replies":[{"embeddable":true,"href":"https:\/\/www.torrepali.info\/index.php\/wp-json\/wp\/v2\/comments?post=8"}],"version-history":[{"count":1,"href":"https:\/\/www.torrepali.info\/index.php\/wp-json\/wp\/v2\/pages\/8\/revisions"}],"predecessor-version":[{"id":416,"href":"https:\/\/www.torrepali.info\/index.php\/wp-json\/wp\/v2\/pages\/8\/revisions\/416"}],"wp:attachment":[{"href":"https:\/\/www.torrepali.info\/index.php\/wp-json\/wp\/v2\/media?parent=8"}],"curies":[{"name":"wp","href":"https:\/\/api.w.org\/{rel}","templated":true}]}}