{"id":90,"date":"2008-12-01T12:02:50","date_gmt":"2008-12-01T11:02:50","guid":{"rendered":"http:\/\/www.torrepali.info\/?page_id=90"},"modified":"2020-12-24T12:15:28","modified_gmt":"2020-12-24T11:15:28","slug":"isola-della-fanciulla","status":"publish","type":"page","link":"https:\/\/www.torrepali.info\/index.php\/isola-della-fanciulla","title":{"rendered":"Isola della Fanciulla"},"content":{"rendered":"<p>Il panorama che si presenta a visitatori e turisti che si recano in <strong>vacanza a Torre Pali<\/strong> \u00e8 sicuramente affascinante e suggestivo. Chilometri di sabbia dorata che digradano dolcemente nel mare lungo la costa, fino alle marine di <strong>Lido Marini<\/strong>, di <strong>Posto Vecchio<\/strong> e <strong>Pescoluse<\/strong>, un&#8217;ininterrotta serie di spiagge dal notevole fascino e bellezza, circondate da dune di sabbia che sembra vogliono tenerle discoste dal mondo circostante per preservarne la genuinit\u00e0.<a title=\"fototorrepali_01\" href=\"http:\/\/www.torrepali.info\/wp-content\/uploads\/2008\/04\/fototorrepali_01.jpg\" rel=\"lightbox[pics8]\"><img loading=\"lazy\" decoding=\"async\" class=\"attachment wp-att-34 alignleft\" src=\"http:\/\/www.torrepali.info\/wp-content\/uploads\/2008\/04\/fototorrepali_01-150x150.jpg\" alt=\"fototorrepali_01\" width=\"150\" height=\"150\"><\/a><\/p>\n<p>Oltre la punta che si spinge nel mare all&#8217;altezza dell&#8217;abitato di <strong>Torre Pali<\/strong>, spingendosi verso ovest, a circa cento metri dalla spiaggia si pu\u00f2 ammirare e raggiungere un luogo molto suggestivo, l&#8217;Isola della Fanciulla. Questo scoglio isolato che spunta improvvisamente dal mare ha sempre stimolato le fantasticherie di chi lo contemplava, e sulle sue origini ci sono diverse leggende che ancora oggi si tramandano.<\/p>\n<p>Certamente la pi\u00f9 conosciuta \u00e8 famosa \u00e8 la leggenda che ha come protagonista un terribile corsaro saraceno, Dragut ed una fanciulla che abitava in un paese dell&#8217;entroterra.<\/p>\n<p>La costa salentina per tutto l&#8217;arco temporale del medioevo e fino agli albori del diciottesimo secolo conosce il terribile flagello delle continue incursioni di turchi e saraceni che si spngono lungo le coste pugliesi per distruggere e rapinare. E&#8217; proprio per questo motivo che lungo la costa, per difendersi saranno erette tutta una serie di torri che hanno sia la funzione difensiva di opporre resistenza al nemico che sopraggiunge dal mare, sia di avvitarlo da lontano e dare quindi l&#8217;allarme a che tutti possano mettersi in salvo o preparare una controffensiva. Durante una di queste scorrerie di saraceni, un gruppo di armati era andato a fare razzie nelle masserie e nei piccoli paesi dell&#8217;entroterra. Tra le derrate alimentari ed altro bottino gli armati erano tornati sulla costa con una fanciulla, figlia di un agricoltore della zona, che avrebbe avuto da quel momento in avanti un terribile destino.<\/p>\n<p>Le fanciulle, come del resto i giovani, una volta rapiti dai saraceni finivano per essere rivenduti e fatti schiavi al ritorno sulle coste africane. Alla fanciulla che tenacemente tenta la fuga in pi\u00f9 occasioni i saraceni promettono la libert\u00e0 in cambio della sua conversione alla religione musulmana ma essa si rifiuta decisamente preferendo la morta al rinnegare la sua fede. Uccisa dai pirati e gettata in mare verr\u00e0 ritrovata dai pescatori sullo scoglio che si affaccia davanti alla costa di Torre Pali, Da quel momento l&#8217;isolotto verr\u00e0 ribattezzato <strong>Isola della Fanciulla<\/strong>.<\/p>\n","protected":false},"excerpt":{"rendered":"<p>Il panorama che si presenta a visitatori e turisti che si recano in vacanza a Torre Pali \u00e8 sicuramente affascinante e suggestivo. Chilometri di sabbia dorata che digradano dolcemente nel mare lungo la costa, fino alle marine di Lido Marini, di Posto Vecchio e Pescoluse, un&#8217;ininterrotta serie di spiagge dal notevole fascino e bellezza, circondate [&hellip;]<\/p>\n","protected":false},"author":2,"featured_media":0,"parent":0,"menu_order":0,"comment_status":"open","ping_status":"closed","template":"","meta":{"footnotes":""},"class_list":["post-90","page","type-page","status-publish","hentry"],"blocksy_meta":[],"yoast_head":"<!-- This site is optimized with the Yoast SEO plugin v26.2 - https:\/\/yoast.com\/wordpress\/plugins\/seo\/ -->\n<title>Isola della Fanciulla<\/title>\n<meta name=\"description\" content=\"Oltre la punta che si spinge nel mare all&#039;altezza dell&#039;abitato di Torre Pali, spingendosi verso ovest, a circa cento metri dalla spiaggia si pu\u00f2 ammirare e raggiungere un luogo molto suggestivo, l&#039;Isola della Fanciulla.\" \/>\n<meta name=\"robots\" content=\"index, follow, max-snippet:-1, max-image-preview:large, max-video-preview:-1\" \/>\n<link rel=\"canonical\" href=\"https:\/\/www.torrepali.info\/index.php\/isola-della-fanciulla\" \/>\n<meta property=\"og:locale\" content=\"it_IT\" \/>\n<meta property=\"og:type\" content=\"article\" \/>\n<meta property=\"og:title\" content=\"Isola della Fanciulla\" \/>\n<meta property=\"og:description\" content=\"Oltre la punta che si spinge nel mare all&#039;altezza dell&#039;abitato di Torre Pali, spingendosi verso ovest, a circa cento metri dalla spiaggia si pu\u00f2 ammirare e raggiungere un luogo molto suggestivo, l&#039;Isola della Fanciulla.\" \/>\n<meta property=\"og:url\" content=\"https:\/\/www.torrepali.info\/index.php\/isola-della-fanciulla\" \/>\n<meta property=\"og:site_name\" content=\"Torre Pali Marina di Salve\" \/>\n<meta property=\"article:modified_time\" content=\"2020-12-24T11:15:28+00:00\" \/>\n<meta property=\"og:image\" content=\"http:\/\/www.torrepali.info\/wp-content\/uploads\/2008\/04\/fototorrepali_01-150x150.jpg\" \/>\n<meta name=\"twitter:card\" content=\"summary_large_image\" \/>\n<meta name=\"twitter:label1\" content=\"Tempo di lettura stimato\" \/>\n\t<meta name=\"twitter:data1\" content=\"2 minuti\" \/>\n<script type=\"application\/ld+json\" class=\"yoast-schema-graph\">{\"@context\":\"https:\/\/schema.org\",\"@graph\":[{\"@type\":\"WebPage\",\"@id\":\"https:\/\/www.torrepali.info\/index.php\/isola-della-fanciulla\",\"url\":\"https:\/\/www.torrepali.info\/index.php\/isola-della-fanciulla\",\"name\":\"Isola della Fanciulla\",\"isPartOf\":{\"@id\":\"https:\/\/www.torrepali.info\/#website\"},\"primaryImageOfPage\":{\"@id\":\"https:\/\/www.torrepali.info\/index.php\/isola-della-fanciulla#primaryimage\"},\"image\":{\"@id\":\"https:\/\/www.torrepali.info\/index.php\/isola-della-fanciulla#primaryimage\"},\"thumbnailUrl\":\"http:\/\/www.torrepali.info\/wp-content\/uploads\/2008\/04\/fototorrepali_01-150x150.jpg\",\"datePublished\":\"2008-12-01T11:02:50+00:00\",\"dateModified\":\"2020-12-24T11:15:28+00:00\",\"description\":\"Oltre la punta che si spinge nel mare all\\\\'altezza dell\\\\'abitato di Torre Pali, spingendosi verso ovest, a circa cento metri dalla spiaggia si pu\u00f2 ammirare e raggiungere un luogo molto suggestivo, l\\\\'Isola della Fanciulla.\",\"breadcrumb\":{\"@id\":\"https:\/\/www.torrepali.info\/index.php\/isola-della-fanciulla#breadcrumb\"},\"inLanguage\":\"it-IT\",\"potentialAction\":[{\"@type\":\"ReadAction\",\"target\":[\"https:\/\/www.torrepali.info\/index.php\/isola-della-fanciulla\"]}]},{\"@type\":\"ImageObject\",\"inLanguage\":\"it-IT\",\"@id\":\"https:\/\/www.torrepali.info\/index.php\/isola-della-fanciulla#primaryimage\",\"url\":\"https:\/\/www.torrepali.info\/wp-content\/uploads\/2008\/04\/fototorrepali_01.jpg\",\"contentUrl\":\"https:\/\/www.torrepali.info\/wp-content\/uploads\/2008\/04\/fototorrepali_01.jpg\",\"width\":600,\"height\":402,\"caption\":\"Natura a Torre Pali\"},{\"@type\":\"BreadcrumbList\",\"@id\":\"https:\/\/www.torrepali.info\/index.php\/isola-della-fanciulla#breadcrumb\",\"itemListElement\":[{\"@type\":\"ListItem\",\"position\":1,\"name\":\"Home\",\"item\":\"https:\/\/www.torrepali.info\/\"},{\"@type\":\"ListItem\",\"position\":2,\"name\":\"Isola della Fanciulla\"}]},{\"@type\":\"WebSite\",\"@id\":\"https:\/\/www.torrepali.info\/#website\",\"url\":\"https:\/\/www.torrepali.info\/\",\"name\":\"Torre Pali Marina di Salve\",\"description\":\"Informazioni turistiche su Torre Pali\",\"publisher\":{\"@id\":\"https:\/\/www.torrepali.info\/#organization\"},\"potentialAction\":[{\"@type\":\"SearchAction\",\"target\":{\"@type\":\"EntryPoint\",\"urlTemplate\":\"https:\/\/www.torrepali.info\/?s={search_term_string}\"},\"query-input\":{\"@type\":\"PropertyValueSpecification\",\"valueRequired\":true,\"valueName\":\"search_term_string\"}}],\"inLanguage\":\"it-IT\"},{\"@type\":\"Organization\",\"@id\":\"https:\/\/www.torrepali.info\/#organization\",\"name\":\"TorrePali.info\",\"url\":\"https:\/\/www.torrepali.info\/\",\"logo\":{\"@type\":\"ImageObject\",\"inLanguage\":\"it-IT\",\"@id\":\"https:\/\/www.torrepali.info\/#\/schema\/logo\/image\/\",\"url\":\"http:\/\/www.torrepali.info\/wp-content\/uploads\/2013\/07\/torre-pali-info-testata.jpg\",\"contentUrl\":\"http:\/\/www.torrepali.info\/wp-content\/uploads\/2013\/07\/torre-pali-info-testata.jpg\",\"width\":1000,\"height\":288,\"caption\":\"TorrePali.info\"},\"image\":{\"@id\":\"https:\/\/www.torrepali.info\/#\/schema\/logo\/image\/\"}}]}<\/script>\n<!-- \/ Yoast SEO plugin. -->","yoast_head_json":{"title":"Isola della Fanciulla","description":"Oltre la punta che si spinge nel mare all'altezza dell'abitato di Torre Pali, spingendosi verso ovest, a circa cento metri dalla spiaggia si pu\u00f2 ammirare e raggiungere un luogo molto suggestivo, l'Isola della Fanciulla.","robots":{"index":"index","follow":"follow","max-snippet":"max-snippet:-1","max-image-preview":"max-image-preview:large","max-video-preview":"max-video-preview:-1"},"canonical":"https:\/\/www.torrepali.info\/index.php\/isola-della-fanciulla","og_locale":"it_IT","og_type":"article","og_title":"Isola della Fanciulla","og_description":"Oltre la punta che si spinge nel mare all'altezza dell'abitato di Torre Pali, spingendosi verso ovest, a circa cento metri dalla spiaggia si pu\u00f2 ammirare e raggiungere un luogo molto suggestivo, l'Isola della Fanciulla.","og_url":"https:\/\/www.torrepali.info\/index.php\/isola-della-fanciulla","og_site_name":"Torre Pali Marina di Salve","article_modified_time":"2020-12-24T11:15:28+00:00","og_image":[{"url":"http:\/\/www.torrepali.info\/wp-content\/uploads\/2008\/04\/fototorrepali_01-150x150.jpg","type":"","width":"","height":""}],"twitter_card":"summary_large_image","twitter_misc":{"Tempo di lettura stimato":"2 minuti"},"schema":{"@context":"https:\/\/schema.org","@graph":[{"@type":"WebPage","@id":"https:\/\/www.torrepali.info\/index.php\/isola-della-fanciulla","url":"https:\/\/www.torrepali.info\/index.php\/isola-della-fanciulla","name":"Isola della Fanciulla","isPartOf":{"@id":"https:\/\/www.torrepali.info\/#website"},"primaryImageOfPage":{"@id":"https:\/\/www.torrepali.info\/index.php\/isola-della-fanciulla#primaryimage"},"image":{"@id":"https:\/\/www.torrepali.info\/index.php\/isola-della-fanciulla#primaryimage"},"thumbnailUrl":"http:\/\/www.torrepali.info\/wp-content\/uploads\/2008\/04\/fototorrepali_01-150x150.jpg","datePublished":"2008-12-01T11:02:50+00:00","dateModified":"2020-12-24T11:15:28+00:00","description":"Oltre la punta che si spinge nel mare all\\'altezza dell\\'abitato di Torre Pali, spingendosi verso ovest, a circa cento metri dalla spiaggia si pu\u00f2 ammirare e raggiungere un luogo molto suggestivo, l\\'Isola della Fanciulla.","breadcrumb":{"@id":"https:\/\/www.torrepali.info\/index.php\/isola-della-fanciulla#breadcrumb"},"inLanguage":"it-IT","potentialAction":[{"@type":"ReadAction","target":["https:\/\/www.torrepali.info\/index.php\/isola-della-fanciulla"]}]},{"@type":"ImageObject","inLanguage":"it-IT","@id":"https:\/\/www.torrepali.info\/index.php\/isola-della-fanciulla#primaryimage","url":"https:\/\/www.torrepali.info\/wp-content\/uploads\/2008\/04\/fototorrepali_01.jpg","contentUrl":"https:\/\/www.torrepali.info\/wp-content\/uploads\/2008\/04\/fototorrepali_01.jpg","width":600,"height":402,"caption":"Natura a Torre Pali"},{"@type":"BreadcrumbList","@id":"https:\/\/www.torrepali.info\/index.php\/isola-della-fanciulla#breadcrumb","itemListElement":[{"@type":"ListItem","position":1,"name":"Home","item":"https:\/\/www.torrepali.info\/"},{"@type":"ListItem","position":2,"name":"Isola della Fanciulla"}]},{"@type":"WebSite","@id":"https:\/\/www.torrepali.info\/#website","url":"https:\/\/www.torrepali.info\/","name":"Torre Pali Marina di Salve","description":"Informazioni turistiche su Torre Pali","publisher":{"@id":"https:\/\/www.torrepali.info\/#organization"},"potentialAction":[{"@type":"SearchAction","target":{"@type":"EntryPoint","urlTemplate":"https:\/\/www.torrepali.info\/?s={search_term_string}"},"query-input":{"@type":"PropertyValueSpecification","valueRequired":true,"valueName":"search_term_string"}}],"inLanguage":"it-IT"},{"@type":"Organization","@id":"https:\/\/www.torrepali.info\/#organization","name":"TorrePali.info","url":"https:\/\/www.torrepali.info\/","logo":{"@type":"ImageObject","inLanguage":"it-IT","@id":"https:\/\/www.torrepali.info\/#\/schema\/logo\/image\/","url":"http:\/\/www.torrepali.info\/wp-content\/uploads\/2013\/07\/torre-pali-info-testata.jpg","contentUrl":"http:\/\/www.torrepali.info\/wp-content\/uploads\/2013\/07\/torre-pali-info-testata.jpg","width":1000,"height":288,"caption":"TorrePali.info"},"image":{"@id":"https:\/\/www.torrepali.info\/#\/schema\/logo\/image\/"}}]}},"_links":{"self":[{"href":"https:\/\/www.torrepali.info\/index.php\/wp-json\/wp\/v2\/pages\/90","targetHints":{"allow":["GET"]}}],"collection":[{"href":"https:\/\/www.torrepali.info\/index.php\/wp-json\/wp\/v2\/pages"}],"about":[{"href":"https:\/\/www.torrepali.info\/index.php\/wp-json\/wp\/v2\/types\/page"}],"author":[{"embeddable":true,"href":"https:\/\/www.torrepali.info\/index.php\/wp-json\/wp\/v2\/users\/2"}],"replies":[{"embeddable":true,"href":"https:\/\/www.torrepali.info\/index.php\/wp-json\/wp\/v2\/comments?post=90"}],"version-history":[{"count":0,"href":"https:\/\/www.torrepali.info\/index.php\/wp-json\/wp\/v2\/pages\/90\/revisions"}],"wp:attachment":[{"href":"https:\/\/www.torrepali.info\/index.php\/wp-json\/wp\/v2\/media?parent=90"}],"curies":[{"name":"wp","href":"https:\/\/api.w.org\/{rel}","templated":true}]}}